{"id":529,"date":"2023-06-18T11:35:10","date_gmt":"2023-06-18T11:35:10","guid":{"rendered":"https:\/\/intercon-services.com\/?page_id=529"},"modified":"2026-04-11T20:55:28","modified_gmt":"2026-04-11T20:55:28","slug":"offers-project-english","status":"publish","type":"page","link":"https:\/\/intercon-services.com\/home\/en\/offers-project-english\/","title":{"rendered":"offers project English"},"content":{"rendered":"<div data-colibri-id=\"529-c1\" class=\"style-1162 style-local-529-c1 position-relative\">\n  <!---->\n  <div data-colibri-component=\"section\" data-colibri-id=\"529-c2\" id=\"reusable-sections\" class=\"h-section h-section-global-spacing d-flex align-items-lg-center align-items-md-center align-items-center style-1163 style-local-529-c2 position-relative\">\n    <!---->\n    <!---->\n    <div class=\"h-section-grid-container h-section-boxed-container\">\n      <!---->\n      <div data-colibri-id=\"529-c3\" class=\"h-row-container gutters-row-lg-2 gutters-row-md-2 gutters-row-0 gutters-row-v-lg-2 gutters-row-v-md-2 gutters-row-v-2 style-1164 style-local-529-c3 position-relative\">\n        <!---->\n        <div class=\"h-row justify-content-lg-center justify-content-md-center justify-content-center align-items-lg-stretch align-items-md-stretch align-items-stretch gutters-col-lg-2 gutters-col-md-2 gutters-col-0 gutters-col-v-lg-2 gutters-col-v-md-2 gutters-col-v-2\">\n          <!---->\n          <div class=\"h-column h-column-container d-flex h-col-lg-auto h-col-md-auto h-col-auto style-1165-outer style-local-529-c4-outer\">\n            <div data-colibri-id=\"529-c4\" class=\"d-flex h-flex-basis h-column__inner h-px-lg-2 h-px-md-2 h-px-2 v-inner-lg-2 v-inner-md-2 v-inner-2 style-1165 style-local-529-c4 position-relative\">\n              <!---->\n              <!---->\n              <div class=\"w-100 h-y-container h-column__content h-column__v-align flex-basis-100 align-self-lg-start align-self-md-start align-self-start\">\n                <!---->\n                <div data-colibri-id=\"529-c5\" class=\"h-text h-text-component style-1166 style-local-529-c5 position-relative h-element\">\n                  <!---->\n                  <!---->\n                  <div class=\"\">\n                    <p>Angebote &amp; Preise f\u00fcr Projekte und Unternehmen\n                      <br>\n                    <\/p>\n                  <\/div>\n                <\/div>\n                <div data-colibri-id=\"529-c6\" class=\"h-text h-text-component style-1167 style-local-529-c6 position-relative h-element\">\n                  <!---->\n                  <!---->\n                  <div class=\"\">\n                    <p>\n                      <br>\n                    <\/p>\n                    <p>Das Spektrum unseres Angebotes stellen haupts\u00e4chlich Unternehmensberatung im Sinne der Optimierung des Gesch\u00e4ftsmodelles, Begleitung von Change- und Transformationsprozessen, sowie Unternehmensgr\u00fcndungen dar.<\/p>\n                    <p>Gerne unterst\u00fctzen wir auch grenz\u00fcbergreifende Projekte und begleiten bei den ersten Schritten der Kommunikation mit deutschen Beh\u00f6rden und der Eingew\u00f6hnung in notwendige b\u00fcrokratische Prozesse.<\/p>\n                    <p>\n                      <br>\n                    <\/p>\n                    <p>Die untenstehende \u00dcbersicht stellt eine Orientierung des Leistungs- und Kostenspektrums dar und beruht auf durchschnittlichen Sch\u00e4tzwerten:<\/p>\n                    <p>\n                      <br>\n                    <\/p>\n                    <p>\n                      <br>\n                    <\/p>\n                    <p>Begleitung bei der Unternehmensgr\u00fcndung einer Limited\/GmbH: circa 400 \u2013 800 \u20ac (in Deutschland)<\/p>\n                    <p>Unterst\u00fctzung bei der Ausformulierung eines Vertrages bzw. Formulars: circa 200 \u2013 400 \u20ac<\/p>\n                    <p>Aufbau einer Homepage: je nach Art und Bedarf<\/p>\n                    <p>Optimierung des Gesch\u00e4ftsmodells und\/oder des digitalen Auftritts: je nach Art und Bedarf<\/p>\n                    <p>Unterst\u00fctzung bei Buchhaltung: je nach Art und Bedarf<\/p>\n                    <p>Unterst\u00fctzung bei Digitalisierungsprojekten: je nach Art und Bedarf<\/p>\n                    <p>\n                      <br>\n                    <\/p>\n                    <p>\n                      <br>\n                    <\/p>\n                    <p>Die Begleitung erfolgt digital, kann aber in notwendigen Sachlagen auf Nachfrage auch pers\u00f6nlich erfolgen, was ebenso mit einem Kostenmehraufwand verbunden w\u00e4re. In besonders komplexen Sachverhalten, die einen hohen Arbeitsaufwand\n                      beinhalten, k\u00f6nnen die oben dargestellten Sch\u00e4tzungen abweichen. Bei der obigen Preis\u00fcbersicht sind ggf. notwendige zus\u00e4tzliche Notariatskosten nicht enthalten.<\/p>\n                    <p>\n                      <br>\n                    <\/p>\n                    <p>Die Leistung wird \u00fcber unsere Plattform durch ausgebildete Fachkr\u00e4fte im Bereich BWL, Finance, IT, Datenanalyse und angehende Juristen angeboten. Wir kooperieren neben Freelancern, Selbstst\u00e4ndigen ebenfalls zusammen mit externen Serviceanbietern\n                      bei der Betreuung und Begleitung der Projekte. Die externen Anbieter rechnen dabei nach eigenen Paketpreisen ab. Es erfolgt durch uns explizit keine Beratungsleistung einer juristischen Rechtslage im Sinne des RDG. Falls du eine\n                      Beratungsleistung zu deiner individuellen Rechtslage w\u00fcnschst, k\u00f6nnen wir dich gerne auf Anfrage an erfahrene und spezialisierte Anw\u00e4lte weiterleiten.<\/p>\n                    <p>\n                      <br>\n                    <\/p>\n                    <p>Auf Anfrage k\u00f6nnen wir dir gerne eine erste Sch\u00e4tzung der Kostenlage f\u00fcr deinen individuell angefragten Sachverhalt anbieten und freuen uns falls wir dich bei dem Aufbau deines Unternehmens oder Projektes begleiten d\u00fcrfen.<\/p>\n                    <p>\n                      <br>\n                    <\/p>\n                    <p>\n                      <br>\n                    <\/p>\n                    <p>\n                      <br>\n                    <\/p>\n                    <p>Bei R\u00fcckfragen kannst du uns gerne jederzeit telefonisch kontaktieren: +4915776133080<\/p>\n                  <\/div>\n                <\/div>\n              <\/div>\n            <\/div>\n          <\/div>\n        <\/div>\n      <\/div>\n    <\/div>\n  <\/div>\n<\/div>","protected":false},"excerpt":{"rendered":"<p>Angebote &amp; Preise f\u00fcr Projekte und Unternehmen Das Spektrum unseres Angebotes stellen haupts\u00e4chlich Unternehmensberatung im Sinne der Optimierung des Gesch\u00e4ftsmodelles, Begleitung von Change- und Transformationsprozessen, sowie Unternehmensgr\u00fcndungen dar. Gerne unterst\u00fctzen wir auch grenz\u00fcbergreifende Projekte und begleiten bei den ersten Schritten der Kommunikation mit deutschen Beh\u00f6rden und der Eingew\u00f6hnung in notwendige b\u00fcrokratische Prozesse. Die untenstehende \u00dcbersicht [&hellip;]<\/p>\n","protected":false},"author":2,"featured_media":0,"parent":0,"menu_order":0,"comment_status":"closed","ping_status":"closed","template":"page-templates\/full-width-page.php","meta":[],"_links":{"self":[{"href":"https:\/\/intercon-services.com\/home\/wp-json\/wp\/v2\/pages\/529"}],"collection":[{"href":"https:\/\/intercon-services.com\/home\/wp-json\/wp\/v2\/pages"}],"about":[{"href":"https:\/\/intercon-services.com\/home\/wp-json\/wp\/v2\/types\/page"}],"author":[{"embeddable":true,"href":"https:\/\/intercon-services.com\/home\/wp-json\/wp\/v2\/users\/2"}],"replies":[{"embeddable":true,"href":"https:\/\/intercon-services.com\/home\/wp-json\/wp\/v2\/comments?post=529"}],"version-history":[{"count":8,"href":"https:\/\/intercon-services.com\/home\/wp-json\/wp\/v2\/pages\/529\/revisions"}],"predecessor-version":[{"id":2428,"href":"https:\/\/intercon-services.com\/home\/wp-json\/wp\/v2\/pages\/529\/revisions\/2428"}],"wp:attachment":[{"href":"https:\/\/intercon-services.com\/home\/wp-json\/wp\/v2\/media?parent=529"}],"curies":[{"name":"wp","href":"https:\/\/api.w.org\/{rel}","templated":true}]}}